




{"id":28509,"date":"2017-09-21T10:07:20","date_gmt":"2017-09-21T09:07:20","guid":{"rendered":"https:\/\/camptecnologico.com\/inicio\/?page_id=28509"},"modified":"2017-09-25T09:00:11","modified_gmt":"2017-09-25T08:00:11","slug":"kontaktua","status":"publish","type":"page","link":"https:\/\/camptecnologico.eus\/inicio\/kontaktua\/","title":{"rendered":"Kontaktua"},"content":{"rendered":"<div itemscope itemtype=\"http:\/\/schema.org\/LocalBusiness\">\r\n\t<div itemprop=\"address\" itemscope itemtype=\"http:\/\/schema.org\/PostalAddress\">\r\n\t\t<div style=\"float:left;width:46%;\"> \r\n\t\t\t<p><span style=\"color: #000000; font-size:large;\"><strong>Camp Tecnol\u00f3gico &#8211; Basauri<\/strong><\/span><\/p> \r\n\t\t\t<p itemprop=\"streetAddress\">Av Cervantes 51, \r\n\t\t\t<br>Edif.11, 4\u00ba Planta<br> \r\n\t\t\t<span itemprop=\"addressLocality\">48970 &#8211; Basauri<\/span><\/p>\r\n\t\t\t<p><strong>Tlfnoak:<\/strong> <a href=\"tel:+34946941390\">94&nbsp;694&nbsp;13&nbsp;90<\/a> | <a href=\"tel:+34686510900\">686&nbsp;510&nbsp;900<\/a> <\/p>\r\n\t\t<\/div>\r\n\r\n\t\t<div style=\"float:left;width:52%;\">\r\n\t\t\t<p><span style=\"color: #000000; font-size:large;\"><strong>Camp Tecnol\u00f3gico &#8211; Bilbao<\/strong><\/span><\/p> \r\n\t\t\t<p itemprop=\"streetAddress\">Azkuna Zentroa<br\/>Arriqu\u00edbar Plaza 4<br>\r\n\t\t\t<span itemprop=\"addressLocality\">48010 \u2013 Bilbao<\/span><\/p>\r\n\t\t\t<p><strong>Tlfnoak:<\/strong> <a href=\"tel:+34946941390\">94&nbsp;694&nbsp;13&nbsp;90<\/a> | <a href=\"tel:+34686510900\">686&nbsp;510&nbsp;900<\/a> <\/p>\r\n\t\t<\/div>\t\r\n\r\n\t\t\r\n<div class=\"clear\"><\/div><br\/>\r\n\t\t\r\n\t<\/div>\r\n\t<\/div>\r\n\r\n<div class=\"clear\"><\/div><br>\r\n\r\n<p>Edozein zalantza edo iradokizun izanez gero <a href=\"mailto:info@camptecnologico.com\" rel=\"nofollow\">info@camptecnologico.com<\/a> helbidera idatzi edo edozein egoitzatako telefonora deitu dezakezu. Sare sozial nagusietan zuri entzuten eta zure interesekoa izan daitekeena kontatzen gaude. <\/p>\r\n\r\n<p>Horrez gain hezkuntza proiektu hau hobetzeko asmoz  era jarraituan lan egiten dugu eta horretarako edozein ikuspegi, edozein lankidetzako ideia, hobekuntzarako iradokizunen bat, kontatu nahi diguzun edozer  ezinbestekoa dela iruditzen zaigu.  Kontaktuan egotearekin pozik gaude. <\/p>\r\n\r\n\r\n","protected":false},"excerpt":{"rendered":"Camp Tecnol\u00f3gico &#8211; Basauri Av Cervantes 51, Edif.11, 4\u00ba Planta 48970 &#8211; Basauri Tlfnoak: 94&nbsp;694&nbsp;13&nbsp;90 | 686&nbsp;510&nbsp;900 Camp Tecnol\u00f3gico &#8211; Bilbao Azkuna ZentroaArriqu\u00edbar Plaza 4 48010 \u2013 Bilbao Tlfnoak: 94&nbsp;694&nbsp;13&nbsp;90 | 686&nbsp;510&nbsp;900 Edozein zalantza edo iradokizun izanez gero info@camptecnologico.com helbidera idatzi edo edozein egoitzatako telefonora deitu dezakezu. Sare sozial nagusietan zuri entzuten eta zure interesekoa [&hellip;]","protected":false},"author":52,"featured_media":49704,"parent":0,"menu_order":7,"comment_status":"closed","ping_status":"closed","template":"template-right.php","meta":{"footnotes":"","_links_to":"","_links_to_target":""},"class_list":["post-28509","page","type-page","status-publish","has-post-thumbnail","hentry"],"yoast_head":"<!-- This site is optimized with the Yoast SEO plugin v22.6 - https:\/\/yoast.com\/wordpress\/plugins\/seo\/ -->\n<title>Kontaktua | Camp Tecnol\u00f3gico<\/title>\n<meta name=\"description\" content=\"Camp Tecnol\u00f3gico Kontaktua | Euskadi Tel\u00e9fono: 686 510 900 Mail: info@camptecnologico.com\" \/>\n<meta name=\"robots\" content=\"noindex, follow\" \/>\n<meta property=\"og:locale\" content=\"es_ES\" \/>\n<meta property=\"og:type\" content=\"article\" \/>\n<meta property=\"og:title\" content=\"Kontaktua | Camp Tecnol\u00f3gico\" \/>\n<meta property=\"og:description\" content=\"Camp Tecnol\u00f3gico Kontaktua | Euskadi Tel\u00e9fono: 686 510 900 Mail: info@camptecnologico.com\" \/>\n<meta property=\"og:url\" content=\"https:\/\/camptecnologico.eus\/inicio\/kontaktua\/\" \/>\n<meta property=\"og:site_name\" content=\"Camp Tecnologico\" \/>\n<meta property=\"article:publisher\" content=\"https:\/\/www.facebook.com\/camptecnologico\/\" \/>\n<meta property=\"article:modified_time\" content=\"2017-09-25T08:00:11+00:00\" \/>\n<meta property=\"og:image\" content=\"https:\/\/camptecnologico.eus\/inicio\/wp-content\/uploads\/industry-4.0camptec-1.jpg\" \/>\n\t<meta property=\"og:image:width\" content=\"400\" \/>\n\t<meta property=\"og:image:height\" content=\"235\" \/>\n\t<meta property=\"og:image:type\" content=\"image\/jpeg\" \/>\n<meta name=\"twitter:card\" content=\"summary_large_image\" \/>\n<meta name=\"twitter:site\" content=\"@CampTecnologico\" \/>\n<meta name=\"twitter:label1\" content=\"Tiempo de lectura\" \/>\n\t<meta name=\"twitter:data1\" content=\"1 minuto\" \/>\n<!-- \/ Yoast SEO plugin. -->","yoast_head_json":{"title":"Kontaktua | Camp Tecnol\u00f3gico","description":"Camp Tecnol\u00f3gico Kontaktua | Euskadi Tel\u00e9fono: 686 510 900 Mail: info@camptecnologico.com","robots":{"index":"noindex","follow":"follow"},"og_locale":"es_ES","og_type":"article","og_title":"Kontaktua | Camp Tecnol\u00f3gico","og_description":"Camp Tecnol\u00f3gico Kontaktua | Euskadi Tel\u00e9fono: 686 510 900 Mail: info@camptecnologico.com","og_url":"https:\/\/camptecnologico.eus\/inicio\/kontaktua\/","og_site_name":"Camp Tecnologico","article_publisher":"https:\/\/www.facebook.com\/camptecnologico\/","article_modified_time":"2017-09-25T08:00:11+00:00","og_image":[{"width":400,"height":235,"url":"https:\/\/camptecnologico.eus\/inicio\/wp-content\/uploads\/industry-4.0camptec-1.jpg","type":"image\/jpeg"}],"twitter_card":"summary_large_image","twitter_site":"@CampTecnologico","twitter_misc":{"Tiempo de lectura":"1 minuto"},"schema":{"@context":"https:\/\/schema.org","@graph":[{"@type":"WebPage","@id":"https:\/\/camptecnologico.eus\/inicio\/kontaktua\/","url":"https:\/\/camptecnologico.eus\/inicio\/kontaktua\/","name":"Kontaktua | Camp Tecnol\u00f3gico","isPartOf":{"@id":"https:\/\/camptecnologico.com\/inicio\/#website"},"primaryImageOfPage":{"@id":"https:\/\/camptecnologico.eus\/inicio\/kontaktua\/#primaryimage"},"image":{"@id":"https:\/\/camptecnologico.eus\/inicio\/kontaktua\/#primaryimage"},"thumbnailUrl":"https:\/\/camptecnologico.eus\/inicio\/wp-content\/uploads\/industry-4.0camptec-1.jpg","datePublished":"2017-09-21T09:07:20+00:00","dateModified":"2017-09-25T08:00:11+00:00","description":"Camp Tecnol\u00f3gico Kontaktua | Euskadi Tel\u00e9fono: 686 510 900 Mail: info@camptecnologico.com","breadcrumb":{"@id":"https:\/\/camptecnologico.eus\/inicio\/kontaktua\/#breadcrumb"},"inLanguage":"es","potentialAction":[{"@type":"ReadAction","target":["https:\/\/camptecnologico.eus\/inicio\/kontaktua\/"]}]},{"@type":"ImageObject","inLanguage":"es","@id":"https:\/\/camptecnologico.eus\/inicio\/kontaktua\/#primaryimage","url":"https:\/\/camptecnologico.eus\/inicio\/wp-content\/uploads\/industry-4.0camptec-1.jpg","contentUrl":"https:\/\/camptecnologico.eus\/inicio\/wp-content\/uploads\/industry-4.0camptec-1.jpg","width":400,"height":235},{"@type":"BreadcrumbList","@id":"https:\/\/camptecnologico.eus\/inicio\/kontaktua\/#breadcrumb","itemListElement":[{"@type":"ListItem","position":1,"name":"Home","item":"https:\/\/camptecnologico.com\/"},{"@type":"ListItem","position":2,"name":"Kontaktua"}]},{"@type":"WebSite","@id":"https:\/\/camptecnologico.com\/inicio\/#website","url":"https:\/\/camptecnologico.com\/inicio\/","name":"Camp Tecnologico","description":"Campamento tecnol\u00f3gico para ni\u00f1os y j\u00f3venes. Tecnolog\u00eda para ni\u00f1os. Minecraft.","publisher":{"@id":"https:\/\/camptecnologico.com\/inicio\/#organization"},"potentialAction":[{"@type":"SearchAction","target":{"@type":"EntryPoint","urlTemplate":"https:\/\/camptecnologico.com\/inicio\/?s={search_term_string}"},"query-input":"required name=search_term_string"}],"inLanguage":"es"},{"@type":"Organization","@id":"https:\/\/camptecnologico.com\/inicio\/#organization","name":"Camp Tecnol\u00f3gico","url":"https:\/\/camptecnologico.com\/inicio\/","logo":{"@type":"ImageObject","inLanguage":"es","@id":"https:\/\/camptecnologico.com\/inicio\/#\/schema\/logo\/image\/","url":"https:\/\/camptecnologico.com\/inicio\/wp-content\/uploads\/logo1.jpg","contentUrl":"https:\/\/camptecnologico.com\/inicio\/wp-content\/uploads\/logo1.jpg","width":120,"height":120,"caption":"Camp Tecnol\u00f3gico"},"image":{"@id":"https:\/\/camptecnologico.com\/inicio\/#\/schema\/logo\/image\/"},"sameAs":["https:\/\/www.facebook.com\/camptecnologico\/","https:\/\/x.com\/CampTecnologico","https:\/\/www.instagram.com\/camptecnologico\/","https:\/\/www.linkedin.com\/company\/camptecnol-gico","https:\/\/www.youtube.com\/user\/CampTecologico"]}]}},"_links":{"self":[{"href":"https:\/\/camptecnologico.eus\/inicio\/wp-json\/wp\/v2\/pages\/28509","targetHints":{"allow":["GET"]}}],"collection":[{"href":"https:\/\/camptecnologico.eus\/inicio\/wp-json\/wp\/v2\/pages"}],"about":[{"href":"https:\/\/camptecnologico.eus\/inicio\/wp-json\/wp\/v2\/types\/page"}],"author":[{"embeddable":true,"href":"https:\/\/camptecnologico.eus\/inicio\/wp-json\/wp\/v2\/users\/52"}],"replies":[{"embeddable":true,"href":"https:\/\/camptecnologico.eus\/inicio\/wp-json\/wp\/v2\/comments?post=28509"}],"version-history":[{"count":6,"href":"https:\/\/camptecnologico.eus\/inicio\/wp-json\/wp\/v2\/pages\/28509\/revisions"}],"predecessor-version":[{"id":28534,"href":"https:\/\/camptecnologico.eus\/inicio\/wp-json\/wp\/v2\/pages\/28509\/revisions\/28534"}],"wp:featuredmedia":[{"embeddable":true,"href":"https:\/\/camptecnologico.eus\/inicio\/wp-json\/wp\/v2\/media\/49704"}],"wp:attachment":[{"href":"https:\/\/camptecnologico.eus\/inicio\/wp-json\/wp\/v2\/media?parent=28509"}],"curies":[{"name":"wp","href":"https:\/\/api.w.org\/{rel}","templated":true}]}}