




{"id":23791,"date":"2017-01-19T14:15:44","date_gmt":"2017-01-19T13:15:44","guid":{"rendered":"https:\/\/camptecnologico.com\/inicio\/?page_id=23791"},"modified":"2017-06-06T11:01:17","modified_gmt":"2017-06-06T10:01:17","slug":"asteburuko-klub-teknologikoa-donostia","status":"publish","type":"page","link":"https:\/\/camptecnologico.eus\/inicio\/asteburuko-klub-teknologikoa-donostia\/","title":{"rendered":"Asteburuko Klub Teknologikoa &#8211; Donostia"},"content":{"rendered":"<script>\r\n    sessionStorage.campus=2330;\r\n<\/script>\r\n\r\n<div>\r\n    <a href=\"https:\/\/camptecnologico.com\/inicio\/inscripcion-clubs\/\" target=\"_blank\" rel=\"nofollow\"\r\n                  title=\"Donostiako klub teknologikoa\">\r\n         <img loading=\"lazy\" decoding=\"async\" src=\"https:\/\/camptecnologico.com\/inicio\/wp-content\/uploads\/ASTEBURUETAKO-KLUB-TEKNOLOGIKOA.jpg\" alt=\"\" width=\"1137\" height=\"273\" class=\"alignleft size-full wp-image-23803\" srcset=\"https:\/\/camptecnologico.eus\/inicio\/wp-content\/uploads\/ASTEBURUETAKO-KLUB-TEKNOLOGIKOA.jpg 1137w, https:\/\/camptecnologico.eus\/inicio\/wp-content\/uploads\/ASTEBURUETAKO-KLUB-TEKNOLOGIKOA-150x36.jpg 150w, https:\/\/camptecnologico.eus\/inicio\/wp-content\/uploads\/ASTEBURUETAKO-KLUB-TEKNOLOGIKOA-768x184.jpg 768w, https:\/\/camptecnologico.eus\/inicio\/wp-content\/uploads\/ASTEBURUETAKO-KLUB-TEKNOLOGIKOA-224x54.jpg 224w, https:\/\/camptecnologico.eus\/inicio\/wp-content\/uploads\/ASTEBURUETAKO-KLUB-TEKNOLOGIKOA-350x84.jpg 350w, https:\/\/camptecnologico.eus\/inicio\/wp-content\/uploads\/ASTEBURUETAKO-KLUB-TEKNOLOGIKOA-318x76.jpg 318w, https:\/\/camptecnologico.eus\/inicio\/wp-content\/uploads\/ASTEBURUETAKO-KLUB-TEKNOLOGIKOA-200x48.jpg 200w, https:\/\/camptecnologico.eus\/inicio\/wp-content\/uploads\/ASTEBURUETAKO-KLUB-TEKNOLOGIKOA-745x179.jpg 745w, https:\/\/camptecnologico.eus\/inicio\/wp-content\/uploads\/ASTEBURUETAKO-KLUB-TEKNOLOGIKOA-113x27.jpg 113w, https:\/\/camptecnologico.eus\/inicio\/wp-content\/uploads\/ASTEBURUETAKO-KLUB-TEKNOLOGIKOA-302x73.jpg 302w, https:\/\/camptecnologico.eus\/inicio\/wp-content\/uploads\/ASTEBURUETAKO-KLUB-TEKNOLOGIKOA-368x88.jpg 368w, https:\/\/camptecnologico.eus\/inicio\/wp-content\/uploads\/ASTEBURUETAKO-KLUB-TEKNOLOGIKOA-420x101.jpg 420w, https:\/\/camptecnologico.eus\/inicio\/wp-content\/uploads\/ASTEBURUETAKO-KLUB-TEKNOLOGIKOA-738x177.jpg 738w\" sizes=\"auto, (max-width: 1137px) 100vw, 1137px\" \/>\r\n    <\/a>\r\n<\/div>\r\n\r\n<div class=\"clear\"><\/div>\r\n\r\n\r\n<div>\r\n<br\/>\r\n<p>Zure seme-alabei gustatzen zaie teknologia? Gustuko dute teknologia aisialdian erabiltzea? Asteburuetan, Donostian, duzu aukerarik onena teknologia berriekin ematen duten denbora ahalik eta hezigarriena eta erakargarriena gerta dakien.<\/p>\r\n\r\n<p>2016\/2017 ikasturtean, Donostian egingo den <strong>Asteburuetako Klub Teknologikoa<\/strong> <a href=\"https:\/\/www.google.es\/maps\/@43.3165667,-1.9768971,17.25z\" target=\"_blanc\" rel=\"nofollow\">Tabakaleran<\/a> izango da (Espacio Kutxa Kultur \u2013 Mandasko Dukearen pasealekua, 52 \u2013 20012 Donostia, Gipuzkoa).<\/p>\r\n\r\n<ul>\r\n\r\n<li>4 ordutegi: Ostiralak arratsaldetan &#8211; Ostiralak arratsaldetan (2 asterik behin) &#8211; Larunbat goizetan &#8211; Larunbat arratsaldetan<\/li> \r\n\r\n<li>4 gai: Kids &#038; Tech &#8211; Inventor Lab &#8211; Minecraft &#8211; Unity.<\/li>\r\n\r\n<\/ul>\r\n\r\n<center><a class=\"button large primary\" href=\"https:\/\/camptecnologico.com\/inicio\/inscripcion-clubs\/\" target=\"_blank\" \r\n           title=\"Eman izena Asteburuko Klub Teknologikoa - Donostia\"><i class=\"fa fa-location-arrow\" aria-hidden=\"true\"><\/i> Eman Izena<\/a><\/center>\r\n<br\/>\r\n<\/div>\r\n\r\n<div class=\"clear\"><\/div>\r\n\r\n<div id=\"descripcion\">\r\n\r\n<br\/>\r\n<h3 class=\"tituloSeccion\">Informazio Orokorra<\/h3>\r\n\r\n    <div class=\"fourcol column\">\t\r\n        <h3>Datak<\/h3>\r\n\r\n<table>\r\n  <tr>\r\n    <td>        \r\n        <h4>Ostirala<\/h4>\r\n        <ul>\r\n            <li><i class=\"fa fa-calendar\"><\/i> Urtarrilak 13, 20 eta 27<\/li>\r\n            <li><i class=\"fa fa-calendar\"><\/i> Otsailak 3, 10, 17 eta 24<\/li>\r\n            <li><i class=\"fa fa-calendar\"><\/i> Martxoak 3, 10, 17, 24 eta 31<\/li>\r\n            <li><i class=\"fa fa-calendar\"><\/i> Apirilak 7 eta 28<\/li>\r\n            <li><i class=\"fa fa-calendar\"><\/i> Maiatzak 5, 12, 19 eta 26<\/li>\r\n            <li><i class=\"fa fa-calendar\"><\/i> Ekainak 2 eta 9<\/li>           \r\n        <\/ul>\r\n   <\/td>\r\n   <td> \r\n        <h4>S\u00e1bados<\/h4>\r\n        <ul>\r\n            <li><i class=\"fa fa-calendar\"><\/i> Urtarrilak 14, 21 eta 28<\/li>\r\n            <li><i class=\"fa fa-calendar\"><\/i> Otsailak 4, 11, 18 eta 25<\/li>\r\n            <li><i class=\"fa fa-calendar\"><\/i> Martxoak 4, 11, 18 eta 25<\/li>\r\n            <li><i class=\"fa fa-calendar\"><\/i> Apirilak 1, 8 eta 29<\/li>\r\n            <li><i class=\"fa fa-calendar\"><\/i> Maiatzak 6, 13, 20 eta 27<\/li>\r\n            <li><i class=\"fa fa-calendar\"><\/i> Ekainak 3 eta 10 Junio<\/li> \r\n        <\/ul>\t\r\n    <\/td>\r\n  <\/tr>\r\n  <tr>\r\n    <td> \t \r\n        <h4>Viernes Alternos<\/h4>\r\n        <ul>\t \t \r\n            <li><i class=\"fa fa-calendar\"><\/i> Urtarrilak 13 eta 27<\/li>\r\n            <li><i class=\"fa fa-calendar\"><\/i> Otsailak 10 eta 24<\/li>\r\n            <li><i class=\"fa fa-calendar\"><\/i> Martxoak 10 eta 24<\/li>\r\n            <li><i class=\"fa fa-calendar\"><\/i> Apirilak 7 eta 28<\/li>\r\n            <li><i class=\"fa fa-calendar\"><\/i> Maiatzak 12 eta 26<\/li>\r\n            <li><i class=\"fa fa-calendar\"><\/i> Ekainak 9 eta 16<\/li>\t \t \r\n        <\/ul>\r\n    <\/td>\r\n  <\/tr> \r\n<\/table>\r\n    <\/div><!-- .fourcol -->\r\n \r\n\r\n    <div class=\"fourcol column\">\t \r\n        <h3>Ordutegia<\/h3>\r\n        <p>1,5 orduko saioak<\/p>\r\n        <ul>\r\n\t    <li><i class=\"fa fa-clock-o\" aria-hidden=\"true\"><\/i> Ostiralak: 18:00-19:30<\/li>\r\n\t    <li><i class=\"fa fa-clock-o\" aria-hidden=\"true\"><\/i> Larunbat Goizak: 11:30-13:00<\/li> \r\n            <li><i class=\"fa fa-clock-o\" aria-hidden=\"true\"><\/i> Larunbat Arratsaldeak: 17:00-18:30<\/li>\r\n        <\/ul>\r\n\r\n        <h3>Hileko Prezioa<\/h3> \r\n\r\n\t<p><strong>58\u20ac<\/strong> hilero Asteko Kluba<\/p>\r\n        <p><strong>35\u20ac<\/strong> hilero Hamabost egunez behineko Kluba<\/p>\r\n        <p>(*) Hileko kuota bera da hilero; berdin dio jaiegunen bat egotea. Prezioa kalkulatzeko, urteko saio kopuru osoa hilero ordaintzeko moduan hainbanatu da.<\/p>\r\n    <\/div><!-- .fourcol -->\r\n<\/div>\r\n<div>\r\n\r\n    <div class=\"fourcol column last\">\r\n        <h3>Deskontu Ez Metagarriak<\/h3>\r\n        <ul>\r\n            <li>Gaztedi edo Kutxabank plana: <br\/>\r\n                     <strong>48\u20ac<\/strong> hilero Asteko Kluba<br\/>\r\n                     <strong>29\u20ac<\/strong> hilero Hamabost egunez behineko Kluba<\/li>\r\n\t    <li>Antiguos alumnos: <br\/>\r\n                     <strong>53\u20ac<\/strong>Hamabost egunez behineko Kluba<br\/>\r\n                     <strong>32\u20ac<\/strong> hilero Hamabost egunez behineko Kluba<\/li>\r\n            <li>Familia ugaria: <strong>-%5<\/strong><\/li>\r\n        <\/ul>\r\n\r\n        <h3>Deskontu Metagarriak<\/h3>\r\n        <ul>\r\n           <li>Anai-arrebaren bat edo lagunen bat badator: <strong>\u2013% 5<\/strong> (bakoitzarentzat)<\/li>\r\n           <li>Zerorrek ekartzen baduzu ordenagailua Unity edo Minecraft klubetara: <strong>-6\u20ac<\/strong><\/li>\r\n        <\/ul>\r\n\r\n        <h3>Ordainera<\/h3>\r\n        <p>Banku-helbideratzea (hilaren 10ean)<\/p>\r\n    <\/div> <!-- .fourcol last -->\r\n\r\n    <div class=\"clear\"><\/div>\r\n   \r\n<br\/>\r\n<\/div><!-- description -->\r\n\r\n<h3 class=\"tituloSeccion\">Asteburuetako Klub Teknologikoak Tabakaleran<\/h3>\r\n\r\n<p><strong>Erreserba-Taldeak<\/strong>: Ordutegi batzuetako taldeei gutxi gelditzen zaie martxan jartzeko behar duten 5 ikasleko gutxieneko kopurura iristeko. Talde horiei erreserba-talde esaten diegu. Eman izena bertan, eta jarriko gara zurekin harremanetan gutxieneko kopurura iristen denean. Egin erreserba zerrendan egon ahal izateko!<\/p>\r\n\r\n<div id=\"talleres\">\r\n\t<div class=\"talleres-fila\">\r\n\t\t<div class=\"taller\">\r\n\t\t\t<div class=\"fourcol column\">\r\n\t\t\t\t<p class=\"banda\" style=\"text-align: center;\">5 eta 6 urteak<\/p>\r\n\t\t\t\t\r\n\t\t\t\t<a href=\"https:\/\/camptecnologico.com\/inicio\/inscripcion-clubs\/\" rel=\"nofollow\">\r\n\t\t\t\t\t<img loading=\"lazy\" decoding=\"async\" src=\"https:\/\/camptecnologico.com\/inicio\/wp-content\/uploads\/2016\/02\/kids-tech-taller-ninos.jpg\" alt=\"campamento, tecnologia, ni\u00f1os, talleres, camp, camptecnologico, robotica, robotica educativa, formacion, programacion, codigo, taller\" width=\"350\" height=\"270\" class=\"alignleft size-full wp-image-17178\" srcset=\"https:\/\/camptecnologico.com\/inicio\/wp-content\/uploads\/2016\/02\/kids-tech-taller-ninos.jpg 350w, https:\/\/camptecnologico.com\/inicio\/wp-content\/uploads\/2016\/02\/kids-tech-taller-ninos-300x231.jpg 300w, https:\/\/camptecnologico.com\/inicio\/wp-content\/uploads\/2016\/02\/kids-tech-taller-ninos-318x245.jpg 318w, https:\/\/camptecnologico.com\/inicio\/wp-content\/uploads\/2016\/02\/kids-tech-taller-ninos-156x120.jpg 156w, https:\/\/camptecnologico.com\/inicio\/wp-content\/uploads\/2016\/02\/kids-tech-taller-ninos-146x113.jpg 146w, https:\/\/camptecnologico.com\/inicio\/wp-content\/uploads\/2016\/02\/kids-tech-taller-ninos-113x87.jpg 113w, https:\/\/camptecnologico.com\/inicio\/wp-content\/uploads\/2016\/02\/kids-tech-taller-ninos-298x230.jpg 298w\" sizes=\"auto, (max-width: 350px) 100vw, 350px\"><\/a>\r\n\t\t\t\t<h3>Kids &#038; Tech Kluba<\/h3>\r\n   \t\t\t        <p><i class=\"fa fa-birthday-cake\"><\/i> 5 eta 6 urteak<\/p>\r\n\t\t\t\t<p><i class=\"fa fa-book\"><\/i> Lab de Tecnolog\u00edas: Programaci\u00f3n y Rob\u00f3tica<\/p>\r\n                               <p>Etapa honetako kluba berezia da. Teknologia eta robotak jostailu \u00abadimendun\u00bb, lagunkoi eta dibertigarri gisa iristen dira. Teknologia bigarren mailan geratzen da, eta lehentasuna ematen zaio beste kideekiko eta robotekiko elkarreraginaren bidez dibertitzeari eta ikasteari, logika sekuentzialeko jarraibideetan oinarrituta programazio bisuala ikasteko lehen urratsak eginez.<\/p>\r\n\t\t\t\t<p>\r\n\t\t\t\t\t<a href=\"https:\/\/camptecnologico.com\/inicio\/inscripcion-clubs\/\" class=\"button aligncenter primary\" rel=\"nofollow\">Eman Izena<\/a>\r\n\t\t\t\t<\/p>\r\n\t\t\t<\/div><!-- .fourcol column -->\r\n\t\t<\/div><!-- .taller -->\r\n\r\n\t\t<div class=\"taller\">\r\n\t\t\t<div class=\"fourcol column\">\r\n\t\t\t\t<p class=\"banda\" style=\"text-align: center;\">8 urtetik aurrera<\/p>\t\r\n\r\n\t\t\t\r\n\t\t\t\t<a href=\"https:\/\/camptecnologico.com\/inicio\/inscripcion-clubs\/\" rel=\"nofollow\">\r\n\t\t\t\t\t<img loading=\"lazy\" decoding=\"async\" src=\"https:\/\/camptecnologico.com\/inicio\/wp-content\/uploads\/2016\/02\/campamento-minecraft-programacion.jpg\" alt=\"minecraft, programacion, codigo, curso, taller, campamento, ni\u00f1os, verano, adolescentes, camp tecnologico, campus, videojuegos\" width=\"350\" height=\"270\" class=\"alignleft size-full wp-image-17315\" srcset=\"https:\/\/camptecnologico.eus\/inicio\/wp-content\/uploads\/2016\/02\/campamento-minecraft-programacion.jpg 350w, https:\/\/camptecnologico.eus\/inicio\/wp-content\/uploads\/2016\/02\/campamento-minecraft-programacion-150x116.jpg 150w, https:\/\/camptecnologico.eus\/inicio\/wp-content\/uploads\/2016\/02\/campamento-minecraft-programacion-224x173.jpg 224w, https:\/\/camptecnologico.eus\/inicio\/wp-content\/uploads\/2016\/02\/campamento-minecraft-programacion-318x245.jpg 318w, https:\/\/camptecnologico.eus\/inicio\/wp-content\/uploads\/2016\/02\/campamento-minecraft-programacion-156x120.jpg 156w, https:\/\/camptecnologico.eus\/inicio\/wp-content\/uploads\/2016\/02\/campamento-minecraft-programacion-146x113.jpg 146w, https:\/\/camptecnologico.eus\/inicio\/wp-content\/uploads\/2016\/02\/campamento-minecraft-programacion-113x87.jpg 113w, https:\/\/camptecnologico.eus\/inicio\/wp-content\/uploads\/2016\/02\/campamento-minecraft-programacion-298x230.jpg 298w\" sizes=\"auto, (max-width: 350px) 100vw, 350px\" \/><\/a>\r\n\t\t\t\t<h3>Minecraft Kluba<\/h3>\r\n   \t\t\t        <p><i class=\"fa fa-birthday-cake\"><\/i> 8 urtetik aurrera<\/p>\r\n\t\t\t\t<p><i class=\"fa fa-book\"><\/i> Teknologia Laborategia: Minecraft Hezigarria<\/p>\r\n\r\n<p>Minecraft klubean argituko dizkiegu 8 eta 12 urte bitarteko haurrei Minecraft-ekin sortzaileagoak izateko dauzkaten zalantza guztiak. 3D sormena garatzeko baliabideak erabiltzen ikasiko dute (Mcedit), eta aldaketak egiten (MCreator), baita Minecraft-ek bai joko gisa bai tresna hezigarri gisa eskaintzen dituen beste hainbat aukera ere.\r\n<\/p>\r\n\t\t\t\t<p>\r\n\t\t\t\t\t<a href=\"https:\/\/camptecnologico.com\/inicio\/inscripcion-clubs\/\" class=\"button aligncenter primary\" rel=\"nofollow\">Egin erreserba Minecraft klubean<\/a>\r\n\t\t\t\t<\/p>\r\n                                <p><em>(*) Erreserba eginda, itxarote-zerrendan sartuko zara. Gutxieneko kopurura iristean (5), jarriko gara zurekin harremanetan.<\/em><\/p>\r\n\t\t\t<\/div><!-- .fourcol column -->\r\n\t\t<\/div><!-- .taller -->\r\n\r\n\t\t<div class=\"taller\">\r\n\t\t\t<div class=\"fourcol column last\">\r\n\t\t\t\t<p class=\"banda\" style=\"text-align: center;\">7 urtetik aurrera<\/p>\t\t\t\t\r\n\t\t\t\t<a href=\"https:\/\/camptecnologico.com\/inicio\/inscripcion-clubs\/\" rel=\"nofollow\">\r\n<img loading=\"lazy\" decoding=\"async\" src=\"https:\/\/camptecnologico.com\/inicio\/wp-content\/uploads\/2016\/01\/inventor-lab-camp-tecnologico.jpg\" alt=\"robotica educativa, tecnologico, talleres, cursos, tecnologia, fin de semana, robotica, programacion, electronica, minecraft\" width=\"350\" height=\"270\" class=\"alignleft size-full wp-image-16589\" srcset=\"https:\/\/camptecnologico.eus\/inicio\/wp-content\/uploads\/2016\/01\/inventor-lab-camp-tecnologico.jpg 350w, https:\/\/camptecnologico.eus\/inicio\/wp-content\/uploads\/2016\/01\/inventor-lab-camp-tecnologico-150x116.jpg 150w, https:\/\/camptecnologico.eus\/inicio\/wp-content\/uploads\/2016\/01\/inventor-lab-camp-tecnologico-224x173.jpg 224w, https:\/\/camptecnologico.eus\/inicio\/wp-content\/uploads\/2016\/01\/inventor-lab-camp-tecnologico-318x245.jpg 318w, https:\/\/camptecnologico.eus\/inicio\/wp-content\/uploads\/2016\/01\/inventor-lab-camp-tecnologico-156x120.jpg 156w, https:\/\/camptecnologico.eus\/inicio\/wp-content\/uploads\/2016\/01\/inventor-lab-camp-tecnologico-146x113.jpg 146w, https:\/\/camptecnologico.eus\/inicio\/wp-content\/uploads\/2016\/01\/inventor-lab-camp-tecnologico-113x87.jpg 113w, https:\/\/camptecnologico.eus\/inicio\/wp-content\/uploads\/2016\/01\/inventor-lab-camp-tecnologico-298x230.jpg 298w\" sizes=\"auto, (max-width: 350px) 100vw, 350px\" \/><\/a>\r\n                                <h3>Inventor Lab Kuba<\/h3>\r\n                                <p><i class=\"fa fa-birthday-cake\"><\/i> 7 urtetik aurrera<\/p>\r\n                                <p><i class=\"fa fa-book\"><\/i> Teknologia Laborategia: Robotika eta Programazioa<\/p>\r\n\t\t\t\t<p>Klub Teknologikoko Inventor Lab modalitatea ezin hobea da jakin-minez beterik daudenentzat, hiruhilekoan zeharreko ibilbide bat baita, programatzen eta robotikako proiektuak sortzen ikastera bideratutako askotariko teknologien bidez. Adin taldeen arabera (7 eta 13 urtetik bitartean), robotikako kitak eta programazio-tresnak erabiliko dituzte lanerako.<\/p>\r\n\r\n<p><strong>Gomendatua<\/strong>: Teknologian lehen aldiz murgiltzen direnentzat. Laborategi honetan, teknologiaren ikuspegi orokorra jasotzen dute.<\/p>\r\n\t\t\t\t<p>\r\n\t\t\t\t\t<a href=\"https:\/\/camptecnologico.com\/inicio\/inscripcion-clubs\/\" class=\"button aligncenter primary\" rel=\"nofollow\">Eman Izena<\/a>\r\n\t\t\t\t<\/p>\r\n\t\t\t<\/div><!-- .fourcol column -->\t\t\t\t\t\t\t\t\t\r\n\t\t<\/div><!-- .taller -->\r\n\r\n\t\t<div class=\"clear\"><\/div>\r\n\t<\/div><!-- .talleres-fila -->\t\r\n\r\n\t<div class=\"talleres-fila\">\r\n\t\t<div class=\"taller\">\r\n\t\t\t<div class=\"fourcol column last\">\r\n\t\t\t\t<p class=\"banda\" style=\"text-align: center;\">13 urtetik aurrera<\/p>\t\t\t\t\r\n\t\t\t\t<a href=\"https:\/\/camptecnologico.com\/inicio\/inscripcion-clubs\/\" rel=\"nofollow\">\r\n<img loading=\"lazy\" decoding=\"async\" src=\"https:\/\/camptecnologico.com\/inicio\/wp-content\/uploads\/2016\/01\/unity-programacion-taller-1.jpg\" alt=\"unity, programacion, videojuegos, codigo, adolescentes, taller, cursos, movilidad\" width=\"350\" height=\"270\" class=\"alignleft size-full wp-image-16592\" srcset=\"https:\/\/camptecnologico.eus\/inicio\/wp-content\/uploads\/2016\/01\/unity-programacion-taller-1.jpg 350w, https:\/\/camptecnologico.eus\/inicio\/wp-content\/uploads\/2016\/01\/unity-programacion-taller-1-150x116.jpg 150w, https:\/\/camptecnologico.eus\/inicio\/wp-content\/uploads\/2016\/01\/unity-programacion-taller-1-224x173.jpg 224w, https:\/\/camptecnologico.eus\/inicio\/wp-content\/uploads\/2016\/01\/unity-programacion-taller-1-318x245.jpg 318w, https:\/\/camptecnologico.eus\/inicio\/wp-content\/uploads\/2016\/01\/unity-programacion-taller-1-156x120.jpg 156w, https:\/\/camptecnologico.eus\/inicio\/wp-content\/uploads\/2016\/01\/unity-programacion-taller-1-146x113.jpg 146w, https:\/\/camptecnologico.eus\/inicio\/wp-content\/uploads\/2016\/01\/unity-programacion-taller-1-113x87.jpg 113w, https:\/\/camptecnologico.eus\/inicio\/wp-content\/uploads\/2016\/01\/unity-programacion-taller-1-298x230.jpg 298w\" sizes=\"auto, (max-width: 350px) 100vw, 350px\" \/><\/a>\r\n\t\t\t\t<h3>Unity Kluba<\/h3>\r\n   \t\t\t        <p><i class=\"fa fa-birthday-cake\"><\/i> 13 urtetik aurrera<\/p>\r\n\t\t\t\t<p><i class=\"fa fa-book\"><\/i> Teknologia Laborategia: Programazioa eta Errealitate Birtuala<\/p>\r\n\r\n<p>Klubeko \u00abUnity\u00bb espezialitatea bideo-jokoak sortzen jardun nahi duten gazteei zuzenduta dago. 2 lantalde izango ditu: Unity ezagutzen hasten direnak plataforma ezagutzen hasiko dira, c# erabilita nola programatzen den, eta hiru dimentsiotan nola diseinatzen den; eta lehendik ere Unity tailerren batera etorri direnek bideo-joko baten proiektua prestatuko dute.<\/P>\r\n\r\n<P><STRONG>Gomendatua<\/STRONG>: bideo-jokoak kontsumitzeaz gain, sortu ere egin nahi dituztenentzat.<\/p>\r\n\t\t\t\t<p>\r\n\t\t\t\t\t<a href=\"https:\/\/camptecnologico.com\/inicio\/inscripcion-clubs\/\" class=\"button aligncenter primary\" rel=\"nofollow\">Egin erreserba Unity klubean<\/a>\r\n\t\t\t\t<\/p>\r\n<p><em>(*)Erreserba eginda, itxarote-zerrendan sartuko zara. Gutxieneko kopurura iristean (5), jarriko gara zurekin harremanetan.<\/em><\/p>\r\n\r\n\t\t\t<\/div><!-- .fourcol column -->\r\n\t\t<\/div><!-- .taller -->\r\n\r\n\r\n\t\t<div class=\"clear\"><\/div>\r\n\t<\/div><!-- .talleres-fila -->\t\r\n\t\t\t\t\t\t\t\t\t\t\t\t\t\r\n<\/div><!-- talleres -->\r\n\r\n","protected":false},"excerpt":{"rendered":"Zure seme-alabei gustatzen zaie teknologia? Gustuko dute teknologia aisialdian erabiltzea? Asteburuetan, Donostian, duzu aukerarik onena teknologia berriekin ematen duten denbora ahalik eta hezigarriena eta erakargarriena gerta dakien. 2016\/2017 ikasturtean, Donostian egingo den Asteburuetako Klub Teknologikoa Tabakaleran izango da (Espacio Kutxa Kultur \u2013 Mandasko Dukearen pasealekua, 52 \u2013 20012 Donostia, Gipuzkoa). 4 ordutegi: Ostiralak arratsaldetan &#8211; [&hellip;]","protected":false},"author":27,"featured_media":22236,"parent":0,"menu_order":0,"comment_status":"closed","ping_status":"closed","template":"","meta":{"footnotes":"","_links_to":"","_links_to_target":""},"class_list":["post-23791","page","type-page","status-publish","has-post-thumbnail","hentry"],"yoast_head":"<!-- This site is optimized with the Yoast SEO plugin v22.6 - https:\/\/yoast.com\/wordpress\/plugins\/seo\/ -->\n<title>Asteburuko Klub Teknologikoa - Donostia | Camp Tecnologico<\/title>\n<meta name=\"description\" content=\"Zure seme-alabei gustatzen zaie teknologia? Gustuko dute teknologia aisialdian erabiltzea? Asteburuetan, Donostian, duzu aukerarik onena teknologia\" \/>\n<meta name=\"robots\" content=\"noindex, follow, max-snippet:-1, max-image-preview:large, max-video-preview:-1\" \/>\n<meta property=\"og:locale\" content=\"es_ES\" \/>\n<meta property=\"og:type\" content=\"article\" \/>\n<meta property=\"og:title\" content=\"Asteburuko Klub Teknologikoa - Donostia | Camp Tecnologico\" \/>\n<meta property=\"og:description\" content=\"Zure seme-alabei gustatzen zaie teknologia? Gustuko dute teknologia aisialdian erabiltzea? Asteburuetan, Donostian, duzu aukerarik onena teknologia\" \/>\n<meta property=\"og:url\" content=\"https:\/\/camptecnologico.eus\/inicio\/asteburuko-klub-teknologikoa-donostia\/\" \/>\n<meta property=\"og:site_name\" content=\"Camp Tecnologico\" \/>\n<meta property=\"article:publisher\" content=\"https:\/\/www.facebook.com\/camptecnologico\/\" \/>\n<meta property=\"article:modified_time\" content=\"2017-06-06T10:01:17+00:00\" \/>\n<meta property=\"og:image\" content=\"https:\/\/camptecnologico.com\/inicio\/wp-content\/uploads\/2015\/08\/tecnologia-donostia-ninos-curso.jpg\" \/>\n\t<meta property=\"og:image:width\" content=\"733\" \/>\n\t<meta property=\"og:image:height\" content=\"382\" \/>\n\t<meta property=\"og:image:type\" content=\"image\/jpeg\" \/>\n<meta name=\"twitter:card\" content=\"summary_large_image\" \/>\n<meta name=\"twitter:site\" content=\"@CampTecnologico\" \/>\n<meta name=\"twitter:label1\" content=\"Tiempo de lectura\" \/>\n\t<meta name=\"twitter:data1\" content=\"3 minutos\" \/>\n<!-- \/ Yoast SEO plugin. -->","yoast_head_json":{"title":"Asteburuko Klub Teknologikoa - Donostia | Camp Tecnologico","description":"Zure seme-alabei gustatzen zaie teknologia? Gustuko dute teknologia aisialdian erabiltzea? Asteburuetan, Donostian, duzu aukerarik onena teknologia","robots":{"index":"noindex","follow":"follow","max-snippet":"max-snippet:-1","max-image-preview":"max-image-preview:large","max-video-preview":"max-video-preview:-1"},"og_locale":"es_ES","og_type":"article","og_title":"Asteburuko Klub Teknologikoa - Donostia | Camp Tecnologico","og_description":"Zure seme-alabei gustatzen zaie teknologia? Gustuko dute teknologia aisialdian erabiltzea? Asteburuetan, Donostian, duzu aukerarik onena teknologia","og_url":"https:\/\/camptecnologico.eus\/inicio\/asteburuko-klub-teknologikoa-donostia\/","og_site_name":"Camp Tecnologico","article_publisher":"https:\/\/www.facebook.com\/camptecnologico\/","article_modified_time":"2017-06-06T10:01:17+00:00","og_image":[{"width":733,"height":382,"url":"https:\/\/camptecnologico.com\/inicio\/wp-content\/uploads\/2015\/08\/tecnologia-donostia-ninos-curso.jpg","type":"image\/jpeg"}],"twitter_card":"summary_large_image","twitter_site":"@CampTecnologico","twitter_misc":{"Tiempo de lectura":"3 minutos"},"schema":{"@context":"https:\/\/schema.org","@graph":[{"@type":"WebPage","@id":"https:\/\/camptecnologico.eus\/inicio\/asteburuko-klub-teknologikoa-donostia\/","url":"https:\/\/camptecnologico.eus\/inicio\/asteburuko-klub-teknologikoa-donostia\/","name":"Asteburuko Klub Teknologikoa - Donostia | Camp Tecnologico","isPartOf":{"@id":"https:\/\/camptecnologico.com\/inicio\/#website"},"primaryImageOfPage":{"@id":"https:\/\/camptecnologico.eus\/inicio\/asteburuko-klub-teknologikoa-donostia\/#primaryimage"},"image":{"@id":"https:\/\/camptecnologico.eus\/inicio\/asteburuko-klub-teknologikoa-donostia\/#primaryimage"},"thumbnailUrl":"https:\/\/camptecnologico.eus\/inicio\/wp-content\/uploads\/2015\/08\/tecnologia-donostia-ninos-curso.jpg","datePublished":"2017-01-19T13:15:44+00:00","dateModified":"2017-06-06T10:01:17+00:00","description":"Zure seme-alabei gustatzen zaie teknologia? Gustuko dute teknologia aisialdian erabiltzea? Asteburuetan, Donostian, duzu aukerarik onena teknologia","breadcrumb":{"@id":"https:\/\/camptecnologico.eus\/inicio\/asteburuko-klub-teknologikoa-donostia\/#breadcrumb"},"inLanguage":"es","potentialAction":[{"@type":"ReadAction","target":["https:\/\/camptecnologico.eus\/inicio\/asteburuko-klub-teknologikoa-donostia\/"]}]},{"@type":"ImageObject","inLanguage":"es","@id":"https:\/\/camptecnologico.eus\/inicio\/asteburuko-klub-teknologikoa-donostia\/#primaryimage","url":"https:\/\/camptecnologico.eus\/inicio\/wp-content\/uploads\/2015\/08\/tecnologia-donostia-ninos-curso.jpg","contentUrl":"https:\/\/camptecnologico.eus\/inicio\/wp-content\/uploads\/2015\/08\/tecnologia-donostia-ninos-curso.jpg","width":733,"height":382,"caption":"tecnologia, donostia, club tecnol\u00f3gico"},{"@type":"BreadcrumbList","@id":"https:\/\/camptecnologico.eus\/inicio\/asteburuko-klub-teknologikoa-donostia\/#breadcrumb","itemListElement":[{"@type":"ListItem","position":1,"name":"Home","item":"https:\/\/camptecnologico.com\/"},{"@type":"ListItem","position":2,"name":"Asteburuko Klub Teknologikoa &#8211; Donostia"}]},{"@type":"WebSite","@id":"https:\/\/camptecnologico.com\/inicio\/#website","url":"https:\/\/camptecnologico.com\/inicio\/","name":"Camp Tecnologico","description":"Campamento tecnol\u00f3gico para ni\u00f1os y j\u00f3venes. Tecnolog\u00eda para ni\u00f1os. Minecraft.","publisher":{"@id":"https:\/\/camptecnologico.com\/inicio\/#organization"},"potentialAction":[{"@type":"SearchAction","target":{"@type":"EntryPoint","urlTemplate":"https:\/\/camptecnologico.com\/inicio\/?s={search_term_string}"},"query-input":"required name=search_term_string"}],"inLanguage":"es"},{"@type":"Organization","@id":"https:\/\/camptecnologico.com\/inicio\/#organization","name":"Camp Tecnol\u00f3gico","url":"https:\/\/camptecnologico.com\/inicio\/","logo":{"@type":"ImageObject","inLanguage":"es","@id":"https:\/\/camptecnologico.com\/inicio\/#\/schema\/logo\/image\/","url":"https:\/\/camptecnologico.com\/inicio\/wp-content\/uploads\/logo1.jpg","contentUrl":"https:\/\/camptecnologico.com\/inicio\/wp-content\/uploads\/logo1.jpg","width":120,"height":120,"caption":"Camp Tecnol\u00f3gico"},"image":{"@id":"https:\/\/camptecnologico.com\/inicio\/#\/schema\/logo\/image\/"},"sameAs":["https:\/\/www.facebook.com\/camptecnologico\/","https:\/\/x.com\/CampTecnologico","https:\/\/www.instagram.com\/camptecnologico\/","https:\/\/www.linkedin.com\/company\/camptecnol-gico","https:\/\/www.youtube.com\/user\/CampTecologico"]}]}},"_links":{"self":[{"href":"https:\/\/camptecnologico.eus\/inicio\/wp-json\/wp\/v2\/pages\/23791","targetHints":{"allow":["GET"]}}],"collection":[{"href":"https:\/\/camptecnologico.eus\/inicio\/wp-json\/wp\/v2\/pages"}],"about":[{"href":"https:\/\/camptecnologico.eus\/inicio\/wp-json\/wp\/v2\/types\/page"}],"author":[{"embeddable":true,"href":"https:\/\/camptecnologico.eus\/inicio\/wp-json\/wp\/v2\/users\/27"}],"replies":[{"embeddable":true,"href":"https:\/\/camptecnologico.eus\/inicio\/wp-json\/wp\/v2\/comments?post=23791"}],"version-history":[{"count":4,"href":"https:\/\/camptecnologico.eus\/inicio\/wp-json\/wp\/v2\/pages\/23791\/revisions"}],"predecessor-version":[{"id":23805,"href":"https:\/\/camptecnologico.eus\/inicio\/wp-json\/wp\/v2\/pages\/23791\/revisions\/23805"}],"wp:featuredmedia":[{"embeddable":true,"href":"https:\/\/camptecnologico.eus\/inicio\/wp-json\/wp\/v2\/media\/22236"}],"wp:attachment":[{"href":"https:\/\/camptecnologico.eus\/inicio\/wp-json\/wp\/v2\/media?parent=23791"}],"curies":[{"name":"wp","href":"https:\/\/api.w.org\/{rel}","templated":true}]}}