




{"id":17077,"date":"2016-02-03T14:19:22","date_gmt":"2016-02-03T13:19:22","guid":{"rendered":"https:\/\/camptecnologico.com\/inicio\/?page_id=17077"},"modified":"2020-03-23T19:21:34","modified_gmt":"2020-03-23T18:21:34","slug":"aste-santuko-kanpamentuak-arrasate","status":"publish","type":"page","link":"https:\/\/camptecnologico.eus\/inicio\/aste-santuko-kanpamentuak-arrasate\/","title":{"rendered":"Aste Santuko kanpamentuak Arrasaten"},"content":{"rendered":"<script>\r\n    sessionStorage.campus=5740;\r\n<\/script>\r\n\r\n<div class=\"row\">\r\n\r\n    <center style=\"font-size: 1.6em;\"><strong>Arizmendi ikastolako<\/strong> ikasleak ikastolako webgunetik izena eman behar dute (Alexia): <a href=\"http:\/\/alexia.arizmendi.eus\" target=\"_blanc\" rel=\"nofollow noopener noreferrer\">Alexian sartu<\/a><\/center>\r\n    <p>&nbsp;<\/p>\r\n\r\n    <h3 class=\"tituloSeccion\">Informazio orokorra<\/h3>\r\n\r\n    <div id=\"info\">\r\n        <div>\r\n            <h3>Non<\/h3>\r\n            <p>Kanpamentuak Mondragon Unibertsitatean burutuko dira (Mondragon kanpusa, Garaia egoitza, 11.eraikina)&nbsp;\r\n            <a href=\"https:\/\/www.google.com\/maps\/dir\/\/43.063182,-2.505612000000042\" target=\"_blanc\" rel=\"nofollow noopener noreferrer\">Kokapen mapa ikusi<\/a><\/p> \r\n            <p>&nbsp;<\/p> \r\n        <\/div>\r\n        <div class=\"clear\"><\/div>\r\n\r\n        <div class=\"fourcol column\">\r\n            <h3>Datak<\/h3>\r\n            <p>Tailerrak ikastolako oporretako astean<\/p>\r\n            <ul>\r\n               <li>Apirilaren 14tik 17ra (4 egun).<\/li>\r\n            <\/ul>\r\n\r\n            <h3>Ordutegia<\/h3>\r\n            <p><strong>9.00etatik 14.00ak arte<\/strong> (5 ordu eguneko).<\/p>            \r\n            <p>Oharra: kanpamentuaren azken egunean ate irekiko jardunaldia egongo da (13:00etik 14:00etara), bertan parte-hartzaileen lana ikusteko aukera izango da.<\/p>\r\n        <\/div>\r\n\r\n        <div class=\"fourcol column\">\r\n            <h3>Prezioak<\/h3>\r\n            <ul>\r\n               <li>4 eguneko tailerra: <strong>160\u20ac<\/strong><\/li>\r\n            <\/ul>\r\n            <center>\r\n<!--\r\n                <a href=\"https:\/\/camptecnologico.com\/inicio\/inscripcion\/\"  class=\"button aligncenter primary\" rel=\"nofollow\">\r\n                       <i class=\"fa fa-location-arrow\" aria-hidden=\"true\"><\/i> Izena eman orain<\/a>\r\n-->\r\n            <\/center>\r\n        <\/div>\r\n\r\n        <div class=\"fourcol column last\">\r\n            <h3>Deskontuak<\/h3>\r\n            <ul>\r\n                <li>Camptecnologico-ko ikasle ohiak: <span style=\"font-size: 1.2em;\"> <strong>-%10<\/strong><\/span><\/li>\r\n                <li>Mondragon Unibertsitateko langileak eta Arizmendi ikastolako ikasleak: <strong>-20\u20ac<\/strong><br \/>\r\n                   (deskontu kodearen bidez)<\/li>\r\n            <\/ul>\r\n        <\/div>\r\n        <div class=\"clear\"><\/div>\r\n    <\/div> <!-- descripcion -->\r\n\r\n    <h3 class=\"tituloSeccion\">Teknologia Tailerrak<\/h3>\r\n\r\n    <div class=\"taller\" id=\"fichaclubconborde\">\t \t \r\n        <br \/>\r\n        <img loading=\"lazy\" decoding=\"async\" src=\"https:\/\/camptecnologico.com\/inicio\/wp-content\/uploads\/INVENTOR-LAB-ROBOT-TRANSFORMER.jpg\" alt=\"\" width=\"298\" height=\"230\" class=\"alignleft size-blog wp-image-36851\" \/> \t \r\n        <h2 style=\"margin-top:10px;margin-bottom:10px;\">InventorLab: Robot Transformer<\/h2> \r\n        <p><i class=\"fa fa-book\"><\/i> Roboten programazioa<\/p>\t \t \r\n        <p><i class=\"fa fa-calendar\"><\/i> LH1\u2013LH3 ikasleentzako tailerra<\/p> \t \t \r\n\r\n        <div>\r\n            <p><strong>Inventor lab<\/strong> tailerrean ikasleak <strong>Robot: Transformerraren<\/strong> muntaia ezberdinak eratuko dituzte, 173 eraikuntza blokeak erabiliz eta gure robota adimenduna bilakatu ahal izateko eta elkarri eragiteko sentsoreak eta serboak txertatuz. Katapulta mugikorra, pintza robota, \u2026 bezalako muntaiak egingo dituzte, gainera beraien ibilgailuak ere pertsonalizatu ahalko dituzte robotekin borrokak egin ahal izateko.<\/p>\r\n\r\n            <p>Sentsoreak eta motoreak dituen kontrol plaka baten kide den <strong>Micro:bit<\/strong> txartel elektronikoaren bitartez kontrolatu eta programatzen da. <strong>MakeCoderekin<\/strong> programatzen ikasiz, bere motoreen funtzionamendua gestionatu dezakegu eta sentsoreak kontrolatuko ditugu oztopoak saihesteko, objektuak jaurtitzeko, piezak hartzeko, \u2026<\/p>\r\n\r\n            <center>\r\n                <iframe loading=\"lazy\" width=\"560\" height=\"315\" src=\"https:\/\/www.youtube.com\/embed\/AjsMXvPxwQ8\" frameborder=\"0\" \r\n                        allow=\"accelerometer; autoplay; encrypted-media; gyroscope; picture-in-picture\" allowfullscreen><\/iframe>\r\n            <\/center>\r\n<br \/>\r\n            <p>Gainera, urrutiko aginte bezala <strong>Android\/IOS<\/strong> edo beste <strong>Micro:bit<\/strong> baten bitartez kontrolatu daiteke. Beste efektu batzuk programatuz pertsonalizatu dezakezu; led-ak piztuz eta kolorezko argien efektuak sortuz, musika erreproduzituz, \u2026<\/p>\r\n        <\/div>\r\n    <\/div>\r\n\r\n    <div class=\"taller\" id=\"fichaclubconborde\">\t \t \r\n        <br \/>\r\n        <img loading=\"lazy\" decoding=\"async\" src=\"https:\/\/camptecnologico.com\/inicio\/wp-content\/uploads\/Inventor-Lab-ROBOTCAR-game-consola-1.jpg\" alt=\"\" width=\"298\" height=\"230\" class=\"alignleft size-blog wp-image-37059\" \/>\r\n        <h2 style=\"margin-top:10px;margin-bottom:10px;\">InventorLab: Robot:Car + Game Consola<\/h2>\t\t \t \r\n        <p><i class=\"fa fa-book\"><\/i> Roboten programazioa<\/p>\r\n        <p><i class=\"fa fa-calendar\"><\/i> LH4-DBH4 ikasleentzako tailerra<\/p>\t \t \r\n\r\n        <div>\r\n            <p><strong>Robot:Car<\/strong> ezaugarri bereziak dituen robota muntatuko duzu. 146 bloke, 4 motore eta norabide orotako 4 gurpilez osoturik dago. <strong>Mecanum<\/strong> izeneko gurpil bereziak ditu, zeinek diagonalean eta bere baitan 360\u00batan mugitzen ahalbidetzen dion.<\/p>\r\n        <p><strong>Micro:bit<\/strong> plaka batekin, sentsoreak eta motoreak kontrolatzen dituen plaka batekin elkar kidetzan, programatu eta kontrolatzen da. <strong>MakeCoderekin<\/strong> (Scratchen antzeko blokeen bitartezko hizkuntza) programatzen ikasiz, bere 4 motoreen funtzionamendua gestionatu ahalko dugu eta oztopoak saihesteko edo bide bat jarraitzea lortzeko edo labirinto batetik irteteko erabiliko ditugun sentsoreak kontrolatu ahalko ditugu. <\/p>\r\n\r\n            <center>\r\n                <iframe loading=\"lazy\" width=\"560\" height=\"315\" src=\"https:\/\/www.youtube.com\/embed\/TtgFQGz_BNw\" frameborder=\"0\"\r\n                    allow=\"accelerometer; autoplay; encrypted-media; gyroscope; picture-in-picture\" allowfullscreen><\/iframe>\r\n            <\/center>\r\n\r\n            <p><strong>Mecanum<\/strong> gurpilak <strong>Robot:Car-ari<\/strong> zortzi norabide ezberdinetan azkar aurreratzea ahalbidetzen dio: aurrez, atzez, bira eskumara edo ezkerrera, diagonal eskuma edo diagonal ezkerra eta horrekin bere baitan 360\u00ba biratzen. <\/p>\r\n            <p>Guzti horrek, oztopoak beste edozein ibilgailu autonomok baino errazago gainditzea dakar. Gainera, <strong>Android\/IOS<\/strong> edo beste <strong>Micro:bit<\/strong> baten bitartez urrutiko aginte bezala kontrolagarria da. Beste efektu batzuekin ere pertsonalizatu dezakezu;  argiekin eta koloreekin efektu ezberdinak sortuz, musika erreprodukzioekin,\u2026<\/p>\r\n            <p>Osagarri bezala, <strong>Game kontsola<\/strong><strong> bat erabiliko dute arcade bezalako jokoak blokeen bitartezko hizkuntza erraz batekin programatu ahal izateko; <\/strong><strong>flappy bird, tetris, arkanoid eta askoz<\/strong> gehiago.<\/p>\r\n        <\/div>\r\n    <\/div>\r\n\r\n    <div class=\"row\">\r\n        <hr \/>\r\n        <p>\r\n            <spam style=\"color:#CC0000;font-weight: bold; font-size: 2.0em;\">OHARRA:<\/spam> \r\n            <spam style=\"font-size: 1.7em;\">Tailerrak aurrera eraman ahal izateko talde minimoa lortu behar da, horrela ez bada, antolakuntzatik dauden aukerak eskainiko zaizkizue<\/spam>\r\n        <\/p>\r\n    <\/div>\r\n<\/div>","protected":false},"excerpt":{"rendered":"Arizmendi ikastolako ikasleak ikastolako webgunetik izena eman behar dute (Alexia): Alexian sartu &nbsp; Informazio orokorra Non Kanpamentuak Mondragon Unibertsitatean burutuko dira (Mondragon kanpusa, Garaia egoitza, 11.eraikina)&nbsp; Kokapen mapa ikusi &nbsp; Datak Tailerrak ikastolako oporretako astean Apirilaren 14tik 17ra (4 egun). Ordutegia 9.00etatik 14.00ak arte (5 ordu eguneko). Oharra: kanpamentuaren azken egunean ate irekiko jardunaldia egongo [&hellip;]","protected":false},"author":27,"featured_media":16454,"parent":0,"menu_order":0,"comment_status":"closed","ping_status":"closed","template":"","meta":{"footnotes":"","_links_to":"","_links_to_target":""},"class_list":["post-17077","page","type-page","status-publish","has-post-thumbnail","hentry"],"yoast_head":"<!-- This site is optimized with the Yoast SEO plugin v22.6 - https:\/\/yoast.com\/wordpress\/plugins\/seo\/ -->\n<title>Pazko asteko kanpamentuak Arrasaten<\/title>\n<meta name=\"description\" content=\"Campamentos durante Semana Santa en Mondragon con talleres tecnol\u00f3gicos de Programaci\u00f3n, Rob\u00f3tica, Minecratf y otras disciplinas. De 5 a 17 a\u00f1os. \u00a1Ap\u00fantale!\" \/>\n<meta name=\"robots\" content=\"noindex, follow, max-snippet:-1, max-image-preview:large, max-video-preview:-1\" \/>\n<meta property=\"og:locale\" content=\"es_ES\" \/>\n<meta property=\"og:type\" content=\"article\" \/>\n<meta property=\"og:title\" content=\"Pazko asteko kanpamentuak Arrasaten\" \/>\n<meta property=\"og:description\" content=\"Campamentos durante Semana Santa en Mondragon con talleres tecnol\u00f3gicos de Programaci\u00f3n, Rob\u00f3tica, Minecratf y otras disciplinas. De 5 a 17 a\u00f1os. \u00a1Ap\u00fantale!\" \/>\n<meta property=\"og:url\" content=\"https:\/\/camptecnologico.eus\/inicio\/aste-santuko-kanpamentuak-arrasate\/\" \/>\n<meta property=\"og:site_name\" content=\"Camp Tecnologico\" \/>\n<meta property=\"article:publisher\" content=\"https:\/\/www.facebook.com\/camptecnologico\/\" \/>\n<meta property=\"article:modified_time\" content=\"2020-03-23T18:21:34+00:00\" \/>\n<meta property=\"og:image\" content=\"https:\/\/camptecnologico.com\/inicio\/wp-content\/uploads\/2015\/12\/camp-tecnologico-mondrago-robotica.jpg\" \/>\n\t<meta property=\"og:image:width\" content=\"302\" \/>\n\t<meta property=\"og:image:height\" content=\"226\" \/>\n\t<meta property=\"og:image:type\" content=\"image\/jpeg\" \/>\n<meta name=\"twitter:card\" content=\"summary_large_image\" \/>\n<meta name=\"twitter:site\" content=\"@CampTecnologico\" \/>\n<meta name=\"twitter:label1\" content=\"Tiempo de lectura\" \/>\n\t<meta name=\"twitter:data1\" content=\"2 minutos\" \/>\n<!-- \/ Yoast SEO plugin. -->","yoast_head_json":{"title":"Pazko asteko kanpamentuak Arrasaten","description":"Campamentos durante Semana Santa en Mondragon con talleres tecnol\u00f3gicos de Programaci\u00f3n, Rob\u00f3tica, Minecratf y otras disciplinas. De 5 a 17 a\u00f1os. \u00a1Ap\u00fantale!","robots":{"index":"noindex","follow":"follow","max-snippet":"max-snippet:-1","max-image-preview":"max-image-preview:large","max-video-preview":"max-video-preview:-1"},"og_locale":"es_ES","og_type":"article","og_title":"Pazko asteko kanpamentuak Arrasaten","og_description":"Campamentos durante Semana Santa en Mondragon con talleres tecnol\u00f3gicos de Programaci\u00f3n, Rob\u00f3tica, Minecratf y otras disciplinas. De 5 a 17 a\u00f1os. \u00a1Ap\u00fantale!","og_url":"https:\/\/camptecnologico.eus\/inicio\/aste-santuko-kanpamentuak-arrasate\/","og_site_name":"Camp Tecnologico","article_publisher":"https:\/\/www.facebook.com\/camptecnologico\/","article_modified_time":"2020-03-23T18:21:34+00:00","og_image":[{"width":302,"height":226,"url":"https:\/\/camptecnologico.com\/inicio\/wp-content\/uploads\/2015\/12\/camp-tecnologico-mondrago-robotica.jpg","type":"image\/jpeg"}],"twitter_card":"summary_large_image","twitter_site":"@CampTecnologico","twitter_misc":{"Tiempo de lectura":"2 minutos"},"schema":{"@context":"https:\/\/schema.org","@graph":[{"@type":"WebPage","@id":"https:\/\/camptecnologico.eus\/inicio\/aste-santuko-kanpamentuak-arrasate\/","url":"https:\/\/camptecnologico.eus\/inicio\/aste-santuko-kanpamentuak-arrasate\/","name":"Pazko asteko kanpamentuak Arrasaten","isPartOf":{"@id":"https:\/\/camptecnologico.com\/inicio\/#website"},"primaryImageOfPage":{"@id":"https:\/\/camptecnologico.eus\/inicio\/aste-santuko-kanpamentuak-arrasate\/#primaryimage"},"image":{"@id":"https:\/\/camptecnologico.eus\/inicio\/aste-santuko-kanpamentuak-arrasate\/#primaryimage"},"thumbnailUrl":"https:\/\/camptecnologico.eus\/inicio\/wp-content\/uploads\/2015\/12\/camp-tecnologico-mondrago-robotica.jpg","datePublished":"2016-02-03T13:19:22+00:00","dateModified":"2020-03-23T18:21:34+00:00","description":"Campamentos durante Semana Santa en Mondragon con talleres tecnol\u00f3gicos de Programaci\u00f3n, Rob\u00f3tica, Minecratf y otras disciplinas. De 5 a 17 a\u00f1os. \u00a1Ap\u00fantale!","breadcrumb":{"@id":"https:\/\/camptecnologico.eus\/inicio\/aste-santuko-kanpamentuak-arrasate\/#breadcrumb"},"inLanguage":"es","potentialAction":[{"@type":"ReadAction","target":["https:\/\/camptecnologico.eus\/inicio\/aste-santuko-kanpamentuak-arrasate\/"]}]},{"@type":"ImageObject","inLanguage":"es","@id":"https:\/\/camptecnologico.eus\/inicio\/aste-santuko-kanpamentuak-arrasate\/#primaryimage","url":"https:\/\/camptecnologico.eus\/inicio\/wp-content\/uploads\/2015\/12\/camp-tecnologico-mondrago-robotica.jpg","contentUrl":"https:\/\/camptecnologico.eus\/inicio\/wp-content\/uploads\/2015\/12\/camp-tecnologico-mondrago-robotica.jpg","width":302,"height":226,"caption":"talleres, tecnologia, robotica, videojuegos, cursos, ninos, ninas, campamentos, camp tecnologico, mondragon, arrasate"},{"@type":"BreadcrumbList","@id":"https:\/\/camptecnologico.eus\/inicio\/aste-santuko-kanpamentuak-arrasate\/#breadcrumb","itemListElement":[{"@type":"ListItem","position":1,"name":"Home","item":"https:\/\/camptecnologico.com\/"},{"@type":"ListItem","position":2,"name":"Aste Santuko kanpamentuak Arrasaten"}]},{"@type":"WebSite","@id":"https:\/\/camptecnologico.com\/inicio\/#website","url":"https:\/\/camptecnologico.com\/inicio\/","name":"Camp Tecnologico","description":"Campamento tecnol\u00f3gico para ni\u00f1os y j\u00f3venes. Tecnolog\u00eda para ni\u00f1os. Minecraft.","publisher":{"@id":"https:\/\/camptecnologico.com\/inicio\/#organization"},"potentialAction":[{"@type":"SearchAction","target":{"@type":"EntryPoint","urlTemplate":"https:\/\/camptecnologico.com\/inicio\/?s={search_term_string}"},"query-input":"required name=search_term_string"}],"inLanguage":"es"},{"@type":"Organization","@id":"https:\/\/camptecnologico.com\/inicio\/#organization","name":"Camp Tecnol\u00f3gico","url":"https:\/\/camptecnologico.com\/inicio\/","logo":{"@type":"ImageObject","inLanguage":"es","@id":"https:\/\/camptecnologico.com\/inicio\/#\/schema\/logo\/image\/","url":"https:\/\/camptecnologico.com\/inicio\/wp-content\/uploads\/logo1.jpg","contentUrl":"https:\/\/camptecnologico.com\/inicio\/wp-content\/uploads\/logo1.jpg","width":120,"height":120,"caption":"Camp Tecnol\u00f3gico"},"image":{"@id":"https:\/\/camptecnologico.com\/inicio\/#\/schema\/logo\/image\/"},"sameAs":["https:\/\/www.facebook.com\/camptecnologico\/","https:\/\/x.com\/CampTecnologico","https:\/\/www.instagram.com\/camptecnologico\/","https:\/\/www.linkedin.com\/company\/camptecnol-gico","https:\/\/www.youtube.com\/user\/CampTecologico"]}]}},"_links":{"self":[{"href":"https:\/\/camptecnologico.eus\/inicio\/wp-json\/wp\/v2\/pages\/17077","targetHints":{"allow":["GET"]}}],"collection":[{"href":"https:\/\/camptecnologico.eus\/inicio\/wp-json\/wp\/v2\/pages"}],"about":[{"href":"https:\/\/camptecnologico.eus\/inicio\/wp-json\/wp\/v2\/types\/page"}],"author":[{"embeddable":true,"href":"https:\/\/camptecnologico.eus\/inicio\/wp-json\/wp\/v2\/users\/27"}],"replies":[{"embeddable":true,"href":"https:\/\/camptecnologico.eus\/inicio\/wp-json\/wp\/v2\/comments?post=17077"}],"version-history":[{"count":27,"href":"https:\/\/camptecnologico.eus\/inicio\/wp-json\/wp\/v2\/pages\/17077\/revisions"}],"predecessor-version":[{"id":46323,"href":"https:\/\/camptecnologico.eus\/inicio\/wp-json\/wp\/v2\/pages\/17077\/revisions\/46323"}],"wp:featuredmedia":[{"embeddable":true,"href":"https:\/\/camptecnologico.eus\/inicio\/wp-json\/wp\/v2\/media\/16454"}],"wp:attachment":[{"href":"https:\/\/camptecnologico.eus\/inicio\/wp-json\/wp\/v2\/media?parent=17077"}],"curies":[{"name":"wp","href":"https:\/\/api.w.org\/{rel}","templated":true}]}}